
{"id":84,"date":"2023-04-03T12:44:17","date_gmt":"2023-04-03T09:44:17","guid":{"rendered":"https:\/\/istanbuluzmandent.com\/?page_id=84"},"modified":"2023-04-09T00:31:38","modified_gmt":"2023-04-08T21:31:38","slug":"hakkimizda","status":"publish","type":"page","link":"https:\/\/istanbuluzmandent.com\/en\/hakkimizda\/","title":{"rendered":"ABOUT US"},"content":{"rendered":"<p>[vc_row content_placement=&#8221;middle&#8221;][vc_column width=&#8221;1\/2&#8243;][vc_custom_heading text=&#8221;ABOUT ME&#8221; use_theme_fonts=&#8221;yes&#8221;][vc_empty_space height=&#8221;35px&#8221;][vc_custom_heading text=&#8221;DR. DEN\u0130Z AKA\u015e&#8221; font_container=&#8221;tag:h3|text_align:left&#8221; use_theme_fonts=&#8221;yes&#8221;][vc_empty_space height=&#8221;35px&#8221;][vc_column_text]Uzman Dent Dental Clinic was established in 2002 in Mecidiyek\u00f6y, Istanbul. Founder Dr. Dt. Deniz Aka\u015f was born in 1978. He completed his undergraduate education at Istanbul University \u00c7apa Faculty of Medicine in 2002. Aka\u015f, who received his specialty at the same university, continues his profession as a Prosthetic Dental Treatment Specialist (prostodontist). He\u2019s married.[\/vc_column_text][\/vc_column][vc_column width=&#8221;1\/2&#8243;][vc_single_image image=&#8221;85&#8243; img_size=&#8221;full&#8221;][\/vc_column][\/vc_row]<\/p>\n","protected":false},"excerpt":{"rendered":"<p>[vc_row content_placement=&#8221;middle&#8221;][vc_column width=&#8221;1\/2&#8243;][vc_custom_heading text=&#8221;ABOUT ME&#8221; use_theme_fonts=&#8221;yes&#8221;][vc_empty_space height=&#8221;35px&#8221;][vc_custom_heading text=&#8221;DR. DEN\u0130Z AKA\u015e&#8221; font_container=&#8221;tag:h3|text_align:left&#8221; use_theme_fonts=&#8221;yes&#8221;][vc_empty_space height=&#8221;35px&#8221;][vc_column_text]Uzman Dent Dental [&hellip;]<\/p>\n","protected":false},"author":1,"featured_media":0,"parent":0,"menu_order":0,"comment_status":"closed","ping_status":"closed","template":"","meta":{"footnotes":""},"class_list":["post-84","page","type-page","status-publish","hentry"],"translation":{"provider":"WPGlobus","version":"2.10.10","language":"en","enabled_languages":["tr","en"],"languages":{"tr":{"title":true,"content":true,"excerpt":false},"en":{"title":true,"content":true,"excerpt":false}}},"_links":{"self":[{"href":"https:\/\/istanbuluzmandent.com\/en\/wp-json\/wp\/v2\/pages\/84","targetHints":{"allow":["GET"]}}],"collection":[{"href":"https:\/\/istanbuluzmandent.com\/en\/wp-json\/wp\/v2\/pages"}],"about":[{"href":"https:\/\/istanbuluzmandent.com\/en\/wp-json\/wp\/v2\/types\/page"}],"author":[{"embeddable":true,"href":"https:\/\/istanbuluzmandent.com\/en\/wp-json\/wp\/v2\/users\/1"}],"replies":[{"embeddable":true,"href":"https:\/\/istanbuluzmandent.com\/en\/wp-json\/wp\/v2\/comments?post=84"}],"version-history":[{"count":6,"href":"https:\/\/istanbuluzmandent.com\/en\/wp-json\/wp\/v2\/pages\/84\/revisions"}],"predecessor-version":[{"id":174,"href":"https:\/\/istanbuluzmandent.com\/en\/wp-json\/wp\/v2\/pages\/84\/revisions\/174"}],"wp:attachment":[{"href":"https:\/\/istanbuluzmandent.com\/en\/wp-json\/wp\/v2\/media?parent=84"}],"curies":[{"name":"wp","href":"https:\/\/api.w.org\/{rel}","templated":true}]}}